{"id":2372,"date":"2024-06-29T08:02:14","date_gmt":"2021-03-09T14:34:09","guid":{"rendered":"https:\/\/hospeda-sites.com\/24\/menu\/"},"modified":"2024-07-01T04:03:05","modified_gmt":"2024-07-01T04:03:05","slug":"registro","status":"publish","type":"page","link":"https:\/\/hospeda-sites.com\/24\/registro\/","title":{"rendered":"Registro de Dom\u00ednios"},"content":{"rendered":"\t\t<div data-elementor-type=\"wp-page\" data-elementor-id=\"2372\" class=\"elementor elementor-2372\" data-elementor-post-type=\"page\">\n\t\t\t\t<div class=\"elementor-element elementor-element-306319c e-flex e-con-boxed e-con e-parent\" data-id=\"306319c\" data-element_type=\"container\" data-e-type=\"container\">\n\t\t\t\t\t<div class=\"e-con-inner\">\n\t\t\t\t<div class=\"elementor-element elementor-element-35a56b7 elementor-widget elementor-widget-text-editor\" data-id=\"35a56b7\" data-element_type=\"widget\" data-e-type=\"widget\" data-widget_type=\"text-editor.default\">\n\t\t\t\t<div class=\"elementor-widget-container\">\n\t\t\t\t\t\t\t\t\t<p><span style=\"color: #000000;\">Para <a href=\"https:\/\/hospeda-sites.com\/24\/registro\/\"><strong>Registrar o seu Dom\u00ednio<\/strong><\/a>, basta preencher e enviar o formul\u00e1rio abaixo com os seus dados e, com o Nome e Extens\u00e3o do Dom\u00ednio que gostaria de Registrar.\u00a0 <\/span><\/p><p><span style=\"color: #000000;\">Aguarde um e-mail nosso com as informa\u00e7\u00f5es e formas de pagamento.<\/span><\/p>\t\t\t\t\t\t\t\t<\/div>\n\t\t\t\t<\/div>\n\t\t\t\t<div class=\"elementor-element elementor-element-76d8f4b elementor-widget elementor-widget-wpforms\" data-id=\"76d8f4b\" data-element_type=\"widget\" data-e-type=\"widget\" data-widget_type=\"wpforms.default\">\n\t\t\t\t<div class=\"elementor-widget-container\">\n\t\t\t\t\t<div class=\"wpforms-container wpforms-container-full wpforms-render-modern\" id=\"wpforms-2477\"><form id=\"wpforms-form-2477\" class=\"wpforms-validate wpforms-form\" data-formid=\"2477\" method=\"post\" enctype=\"multipart\/form-data\" action=\"\/24\/wp-json\/wp\/v2\/pages\/2372\" data-token=\"618256a8a2ce042d1effbdf59d8e63ef\" data-token-time=\"1777511336\"><noscript class=\"wpforms-error-noscript\">Ative o JavaScript no seu navegador para preencher este formul\u00e1rio.<\/noscript><div id=\"wpforms-error-noscript\" style=\"display: none;\">Ative o JavaScript no seu navegador para preencher este formul\u00e1rio.<\/div><div class=\"wpforms-field-container\"><div id=\"wpforms-2477-field_0-container\" class=\"wpforms-field wpforms-field-name\" data-field-id=\"0\"><fieldset><legend class=\"wpforms-field-label\">Nome <span class=\"wpforms-required-label\" aria-hidden=\"true\">*<\/span><\/legend><div class=\"wpforms-field-row wpforms-field-medium\"><div class=\"wpforms-field-row-block wpforms-first wpforms-one-half\"><input type=\"text\" id=\"wpforms-2477-field_0\" class=\"wpforms-field-name-first wpforms-field-required\" name=\"wpforms[fields][0][first]\" aria-errormessage=\"wpforms-2477-field_0-error\" required><label for=\"wpforms-2477-field_0\" class=\"wpforms-field-sublabel after\">Nome<\/label><\/div><div class=\"wpforms-field-row-block wpforms-one-half\"><input type=\"text\" id=\"wpforms-2477-field_0-last\" class=\"wpforms-field-name-last wpforms-field-required\" name=\"wpforms[fields][0][last]\" aria-errormessage=\"wpforms-2477-field_0-last-error\" required><label for=\"wpforms-2477-field_0-last\" class=\"wpforms-field-sublabel after\">Sobrenome<\/label><\/div><\/div><\/fieldset><\/div><div id=\"wpforms-2477-field_1-container\" class=\"wpforms-field wpforms-field-email\" data-field-id=\"1\"><label class=\"wpforms-field-label\" for=\"wpforms-2477-field_1\">e-Mail <span class=\"wpforms-required-label\" aria-hidden=\"true\">*<\/span><\/label><input type=\"email\" id=\"wpforms-2477-field_1\" class=\"wpforms-field-medium wpforms-field-required\" name=\"wpforms[fields][1]\" spellcheck=\"false\" aria-errormessage=\"wpforms-2477-field_1-error\" required><\/div><div id=\"wpforms-2477-field_3-container\" class=\"wpforms-field wpforms-field-text\" data-field-id=\"3\"><label class=\"wpforms-field-label\" for=\"wpforms-2477-field_3\">WhatsApp (com DDD)<\/label><input type=\"text\" id=\"wpforms-2477-field_3\" class=\"wpforms-field-medium\" name=\"wpforms[fields][3]\" aria-errormessage=\"wpforms-2477-field_3-error\" ><\/div><div id=\"wpforms-2477-field_4-container\" class=\"wpforms-field wpforms-field-select wpforms-field-select-style-classic\" data-field-id=\"4\"><label class=\"wpforms-field-label\" for=\"wpforms-2477-field_4\">Escolha a Extens\u00e3o do Dom\u00ednio <span class=\"wpforms-required-label\" aria-hidden=\"true\">*<\/span><\/label><select id=\"wpforms-2477-field_4\" class=\"wpforms-field-medium wpforms-field-required\" name=\"wpforms[fields][4]\" required=\"required\"><option value=\".com.br  =  R$55,00 (anual)\"  class=\"choice-1 depth-1\"  >.com.br  =  R$55,00 (anual)<\/option><option value=\".com  =  R$145,00 (anual)\"  class=\"choice-2 depth-1\"  >.com  =  R$145,00 (anual)<\/option><option value=\".net  =  R$145,00 (anual)\"  class=\"choice-3 depth-1\"  >.net  =  R$145,00 (anual)<\/option><option value=\".info  =  R$145,00 (anual)\"  class=\"choice-4 depth-1\"  >.info  =  R$145,00 (anual)<\/option><option value=\".org  =  R$145,00 (anual)\"  class=\"choice-5 depth-1\"  >.org  =  R$145,00 (anual)<\/option><option value=\"Outros = Estaremos Informando o Valor\"  class=\"choice-6 depth-1\"  >Outros = Estaremos Informando o Valor<\/option><\/select><\/div><div id=\"wpforms-2477-field_5-container\" class=\"wpforms-field wpforms-field-text\" data-field-id=\"5\"><label class=\"wpforms-field-label\" for=\"wpforms-2477-field_5\">Nome do Dom\u00ednio a ser Registrado<\/label><input type=\"text\" id=\"wpforms-2477-field_5\" class=\"wpforms-field-medium\" name=\"wpforms[fields][5]\" aria-errormessage=\"wpforms-2477-field_5-error\" aria-describedby=\"wpforms-2477-field_5-description\" ><div id=\"wpforms-2477-field_5-description\" class=\"wpforms-field-description\">Exemplo:   seudominio.com ou seudominio.com.br ou seudominio.net - etc...<\/div><\/div><\/div><!-- .wpforms-field-container --><div class=\"wpforms-recaptcha-container wpforms-is-turnstile\" ><div class=\"wpforms-turnstile\" data-sitekey=\"0x4AAAAAAAeQJT57ZFJrny9M1\" data-action=\"FormID-2477\"><\/div><input type=\"text\" name=\"g-recaptcha-hidden\" class=\"wpforms-recaptcha-hidden\" style=\"position:absolute!important;clip:rect(0,0,0,0)!important;height:1px!important;width:1px!important;border:0!important;overflow:hidden!important;padding:0!important;margin:0!important;\" data-rule-turnstile=\"1\"><\/div><div class=\"wpforms-submit-container\" ><input type=\"hidden\" name=\"wpforms[id]\" value=\"2477\"><input type=\"hidden\" name=\"page_title\" value=\"\"><input type=\"hidden\" name=\"page_url\" value=\"https:\/\/hospeda-sites.com\/24\/wp-json\/wp\/v2\/pages\/2372\"><input type=\"hidden\" name=\"url_referer\" value=\"\"><button type=\"submit\" name=\"wpforms[submit]\" id=\"wpforms-submit-2477\" class=\"wpforms-submit\" data-alt-text=\"Enviando...\" data-submit-text=\"Enviar\" aria-live=\"assertive\" value=\"wpforms-submit\">Enviar<\/button><\/div><\/form><\/div>  <!-- .wpforms-container -->\t\t\t\t<\/div>\n\t\t\t\t<\/div>\n\t\t\t\t\t<\/div>\n\t\t\t\t<\/div>\n\t\t\t\t<\/div>\n\t\t","protected":false},"excerpt":{"rendered":"<p>Para Registrar o seu Dom\u00ednio, basta preencher e enviar o formul\u00e1rio abaixo com os seus dados e, com o Nome e Extens\u00e3o do Dom\u00ednio que gostaria de Registrar.\u00a0 Aguarde um e-mail nosso com as informa\u00e7\u00f5es e formas de pagamento. Ative o JavaScript no seu navegador para preencher este formul\u00e1rio.Ative o JavaScript no seu navegador para [&hellip;]<\/p>\n","protected":false},"author":1,"featured_media":2451,"parent":0,"menu_order":0,"comment_status":"closed","ping_status":"closed","template":"","meta":{"footnotes":""},"class_list":["post-2372","page","type-page","status-publish","has-post-thumbnail","hentry"],"_links":{"self":[{"href":"https:\/\/hospeda-sites.com\/24\/wp-json\/wp\/v2\/pages\/2372","targetHints":{"allow":["GET"]}}],"collection":[{"href":"https:\/\/hospeda-sites.com\/24\/wp-json\/wp\/v2\/pages"}],"about":[{"href":"https:\/\/hospeda-sites.com\/24\/wp-json\/wp\/v2\/types\/page"}],"author":[{"embeddable":true,"href":"https:\/\/hospeda-sites.com\/24\/wp-json\/wp\/v2\/users\/1"}],"replies":[{"embeddable":true,"href":"https:\/\/hospeda-sites.com\/24\/wp-json\/wp\/v2\/comments?post=2372"}],"version-history":[{"count":32,"href":"https:\/\/hospeda-sites.com\/24\/wp-json\/wp\/v2\/pages\/2372\/revisions"}],"predecessor-version":[{"id":2732,"href":"https:\/\/hospeda-sites.com\/24\/wp-json\/wp\/v2\/pages\/2372\/revisions\/2732"}],"wp:featuredmedia":[{"embeddable":true,"href":"https:\/\/hospeda-sites.com\/24\/wp-json\/wp\/v2\/media\/2451"}],"wp:attachment":[{"href":"https:\/\/hospeda-sites.com\/24\/wp-json\/wp\/v2\/media?parent=2372"}],"curies":[{"name":"wp","href":"https:\/\/api.w.org\/{rel}","templated":true}]}}